{"id":56397,"date":"2024-11-19T03:22:10","date_gmt":"2024-11-19T03:22:10","guid":{"rendered":"https:\/\/arizonaapartmentservices.com\/?page_id=56397"},"modified":"2025-01-26T05:49:45","modified_gmt":"2025-01-26T05:49:45","slug":"aplicacion-en-linea","status":"publish","type":"page","link":"https:\/\/arizonaapartmentservices.com\/es\/featured-2\/aplicacion-en-linea\/","title":{"rendered":"Aplicaci\u00f3n en l\u00ednea"},"content":{"rendered":"<div class=\"boldgrid-section\">\n<div class=\"container\">\n<div class=\"row\">\n<div class=\"col-md-12 col-xs-12 col-sm-12\">\n<div style=\"background-color: #abcdec;\" class=\"bg-box bg-box-rounded bg-box-border-thin\">\n<p class=\"\">Nuestro objetivo es proporcionar un entorno de vida seguro y limpio para que todos los residentes disfruten. Como tal, realizamos verificaciones de antecedentes penales y cr\u00e9dito de todos los residentes mayores de 18 a\u00f1os.<\/p>\n<p><strong>Requisitos del contrato de arrendamiento:<\/strong><\/p>\n<p>Empleamos un enfoque combinado para la selecci\u00f3n de solicitantes en el que combinamos los ingresos del solicitante, la tasa de arrendamiento del apartamento y el historial crediticio para formar una puntuaci\u00f3n de evaluaci\u00f3n de riesgos proporcionada por CoreLogic. En consecuencia, un solicitante aprobado puede ser fuerte en un \u00e1rea y d\u00e9bil en otra. Despu\u00e9s de que se eval\u00faa la capacidad de pago de un solicitante, se realiza una verificaci\u00f3n de antecedentes penales.<\/p>\n<p>Como regla general, preferimos a los solicitantes con un ingreso tres veces la tarifa de alquiler. Pero esta es una regla general y no una descalificaci\u00f3n autom\u00e1tica. Trabajamos con la Secci\u00f3n 8 administrada por HUD, pero no con programas de vivienda financiados con fondos privados. Tambi\u00e9n aceptamos co-firmantes.<\/p>\n<p>La puntuaci\u00f3n de la evaluaci\u00f3n de riesgos determina tres posibles cursos de acci\u00f3n. La primera est\u00e1 aprobada. En este caso, el solicitante no est\u00e1 obligado a aportar ninguna documentaci\u00f3n adicional. El segundo se aprueba con condiciones. En este caso, el solicitante debe proporcionar dos de sus recibos de pago m\u00e1s recientes.\u00a0 No hay aumento en el dep\u00f3sito de seguridad. El tercero es el declive.<\/p>\n<p>Al firmar el contrato de arrendamiento, cada solicitante debe mostrar una identificaci\u00f3n legal. Si no est\u00e1 seguro de si su identificaci\u00f3n ser\u00e1 satisfactoria, ll\u00e1menos.<\/p>\n<p>Tenga en cuenta que los desalojos no son un descalificador autom\u00e1tico. Como se ha indicado, aparecen en la puntuaci\u00f3n general de la evaluaci\u00f3n de riesgos y se ponderar\u00e1n junto con otros elementos de cr\u00e9dito.<\/p>\n<p class=\"\"><strong>Pagos en l\u00ednea<\/strong><\/p>\n<p class=\"\">Todo el dinero se paga a trav\u00e9s de nuestros socios en l\u00ednea de ZellePay. Recomendamos encarecidamente ZellePay porque es un servicio seguro y gratuito respaldado por su principal instituci\u00f3n bancaria.<\/p>\n<p class=\"\"><strong>Costos de mudanza<\/strong><\/p>\n<p>El costo total de la mudanza es la suma de los meses completos de alquiler, dep\u00f3sito de seguridad ($1,000) y tarifa de solicitud ($75) para hasta dos solicitantes.<\/p>\n<p>Para reservar un apartamento por un per\u00edodo no mayor de dos semanas despu\u00e9s de la fecha de disponibilidad, todo lo que se requiere es una solicitud aprobada, el pago de las tarifas de solicitud y un dep\u00f3sito de retenci\u00f3n de $ 200. El dep\u00f3sito de retenci\u00f3n se aplica al dep\u00f3sito de seguridad. Es totalmente reembolsable dentro de las 72 horas posteriores a la aprobaci\u00f3n de la solicitud. O se pierde en el momento de la cancelaci\u00f3n.<\/p>\n<p class=\"\"><strong>Procedimiento: 1) Complete la solicitud a continuaci\u00f3n y 2) Pague la tarifa de solicitud.\u00a0 Recibir\u00e1 un correo electr\u00f3nico de nuestro CoreLogic My Rental solicit\u00e1ndole que complete los datos necesarios para realizar la verificaci\u00f3n de antecedentes crediticios \/ penales.<\/strong><\/p>\n<p class=\"\"><strong>Seguro de inquilinos: (recomendado)<\/strong><\/p>\n<p class=\"\">Se recomienda encarecidamente que todos los residentes obtengan un seguro de inquilinos.\u00a0El beneficio supera con creces el costo,<\/p>\n<p><strong>Pol\u00edtica de mascotas:<\/strong><\/p>\n<p>Apartment Management Service cree en el trato humano y \u00e9tico de los animales. Restricciones: Un perro por hogar. 10 ~ 15 LB m\u00e1ximo.\u00a0No se permiten razas agresivas.<\/p>\n<p>Los animales de apoyo emocional est\u00e1n permitidos sin cargo con la presentaci\u00f3n anual de una receta m\u00e9dica actual.<\/p>\n<p>El alquiler mensual por mascota es de $50.00<\/p>\n<p>Dep\u00f3sito de seguridad adicional de $750.<\/p>\n<p><strong>Informaci\u00f3n adicional importante:<\/strong><\/p>\n<p>Si bien nadie es perfecto, realizamos verificaciones de antecedentes penales. Buscamos un cr\u00e9dito promedio. Los desalojos no son un descalificador autom\u00e1tico.<\/p>\n<p>Aplicamos estrictamente las pautas de ocupaci\u00f3n de la FHA que recomiendan no m\u00e1s de 3 personas en un apartamento de una habitaci\u00f3n y 5 en un apartamento de dos habitaciones.<\/p>\n<p>Aceptamos co-firmantes.<\/p>\n<p class=\"\"><strong>Descargo de responsabilidad: Para determinar la elegibilidad, utilizamos un programa llamado Safe Rent que proporciona un enfoque hol\u00edstico para su solicitud. En funci\u00f3n de los ingresos, el historial crediticio y las tarifas de alquiler, este programa mide la probabilidad de que pague el alquiler a tiempo. Los problemas de cr\u00e9dito pasados se consideran, pero no son un descalificador autom\u00e1tico. Si su solicitud es aprobada condicionalmente, se le pedir\u00e1 que proporcione prueba de empleo.<\/strong><\/p>\n<p class=\"\"><div class=\"wpforms-container wpforms-container-full\" id=\"wpforms-2884\"><form method=\"post\" enctype=\"multipart\/form-data\" id=\"wpforms-form-2884\" action=\"\/wp-json\/wp\/v2\/pages\/56397\" class=\"wpforms-validate wpforms-form\" data-formid=\"2884\" data-trp-original-action=\"\/es\/wp-json\/wp\/v2\/pages\/56397#wpforms-2884\"><div class=\"wpforms-field-container\"><div id=\"wpforms-2884-field_3-container\" class=\"wpforms-field wpforms-field-select\" data-field-id=\"3\"><label class=\"wpforms-field-label\" for=\"wpforms-2884-field_3\">Community Name <span class=\"wpforms-required-label\">*<\/span><\/label><select name=\"wpforms[fields][3]\" id=\"wpforms-2884-field_3\" class=\"wpforms-field-medium wpforms-field-required\"  required><option value=\"La Cascada Apartments\"  selected='selected'>La Cascada Apartments<\/option><\/select><\/div><div id=\"wpforms-2884-field_6-container\" class=\"wpforms-field wpforms-field-name\" data-field-id=\"6\"><label class=\"wpforms-field-label\" for=\"wpforms-2884-field_6\">Applicant Name <span class=\"wpforms-required-label\">*<\/span><\/label><div class=\"wpforms-field-row wpforms-field-medium\"><div class=\"wpforms-field-row-block wpforms-first wpforms-one-half\"><input type=\"text\" id=\"wpforms-2884-field_6\" class=\"wpforms-field-name-first wpforms-field-required\" name=\"wpforms[fields][6][first]\" required><label for=\"wpforms-2884-field_6\" class=\"wpforms-field-sublabel after\">First<\/label><\/div><div class=\"wpforms-field-row-block wpforms-one-half\"><input type=\"text\" id=\"wpforms-2884-field_6-last\" class=\"wpforms-field-name-last wpforms-field-required\" name=\"wpforms[fields][6][last]\" required><label for=\"wpforms-2884-field_6-last\" class=\"wpforms-field-sublabel after\">Last<\/label><\/div><\/div><\/div><div id=\"wpforms-2884-field_7-container\" class=\"wpforms-field wpforms-field-text\" data-field-id=\"7\"><label class=\"wpforms-field-label\" for=\"wpforms-2884-field_7\">Middle Name (if appicable)<\/label><input type=\"text\" id=\"wpforms-2884-field_7\" class=\"wpforms-field-medium\" name=\"wpforms[fields][7]\" ><\/div><div id=\"wpforms-2884-field_25-container\" class=\"wpforms-field wpforms-field-email\" data-field-id=\"25\"><label class=\"wpforms-field-label\" for=\"wpforms-2884-field_25\">Email <span class=\"wpforms-required-label\">*<\/span><\/label><div class=\"wpforms-field-row wpforms-field-medium\"><div class=\"wpforms-field-row-block wpforms-one-half wpforms-first\"><input type=\"email\" id=\"wpforms-2884-field_25\" class=\"wpforms-field-required wpforms-field-email-primary\" name=\"wpforms[fields][25][primary]\" required><label for=\"wpforms-2884-field_25\" class=\"wpforms-field-sublabel after\">Email<\/label><\/div><div class=\"wpforms-field-row-block wpforms-one-half\"><input type=\"email\" id=\"wpforms-2884-field_25-secondary\" class=\"wpforms-field-email-secondary wpforms-field-required\" data-rule-confirm=\"#wpforms-2884-field_25\" name=\"wpforms[fields][25][secondary]\" required><label for=\"wpforms-2884-field_25-secondary\" class=\"wpforms-field-sublabel after\">Confirm Email<\/label><\/div><\/div><\/div><div id=\"wpforms-2884-field_1-container\" class=\"wpforms-field wpforms-field-address\" data-field-id=\"1\"><label class=\"wpforms-field-label\" for=\"wpforms-2884-field_1\">Current Address <span class=\"wpforms-required-label\">*<\/span><\/label><div class=\"wpforms-field-row wpforms-field-medium wpforms-field-required\"><input type=\"text\" name=\"wpforms[fields][1][address1]\" id=\"wpforms-2884-field_1\" class=\"wpforms-field-address-address1 wpforms-field-required\" placeholder=\"\" value=\"\"  required><label for=\"wpforms-2884-field_1\" class=\"wpforms-field-sublabel\">Address Line 1<\/label><\/div><div class=\"wpforms-field-row wpforms-field-medium wpforms-field-required\"><div class=\"wpforms-field-row-block wpforms-one-half wpforms-first\"><input type=\"text\" name=\"wpforms[fields][1][city]\" id=\"wpforms-2884-field_1-city\" class=\"wpforms-field-address-city wpforms-field-required\" placeholder=\"\" value=\"\"  required><label for=\"wpforms-2884-field_1-city\" class=\"wpforms-field-sublabel\">City<\/label><\/div><div class=\"wpforms-field-row-block wpforms-one-half\"><select name=\"wpforms[fields][1][state]\" id=\"wpforms-2884-field_1-state\" class=\"wpforms-field-address-state wpforms-field-required\"  required><option value=\"AL\" >Alabama<\/option><option value=\"AK\" >Alaska<\/option><option value=\"AZ\"  selected='selected'>Arizona<\/option><option value=\"AR\" >Arkansas<\/option><option value=\"CA\" >California<\/option><option value=\"CO\" >Colorado<\/option><option value=\"CT\" >Connecticut<\/option><option value=\"DE\" >Delaware<\/option><option value=\"DC\" >District of Columbia<\/option><option value=\"FL\" >Florida<\/option><option value=\"GA\" >Georgia<\/option><option value=\"HI\" >Hawaii<\/option><option value=\"ID\" >Idaho<\/option><option value=\"IL\" >Illinois<\/option><option value=\"IN\" >Indiana<\/option><option value=\"IA\" >Iowa<\/option><option value=\"KS\" >Kansas<\/option><option value=\"KY\" >Kentucky<\/option><option value=\"LA\" >Louisiana<\/option><option value=\"ME\" >Maine<\/option><option value=\"MD\" >Maryland<\/option><option value=\"MA\" >Massachusetts<\/option><option value=\"MI\" >Michigan<\/option><option value=\"MN\" >Minnesota<\/option><option value=\"MS\" >Mississippi<\/option><option value=\"MO\" >Missouri<\/option><option value=\"MT\" >Montana<\/option><option value=\"NE\" >Nebraska<\/option><option value=\"NV\" >Nevada<\/option><option value=\"NH\" >New Hampshire<\/option><option value=\"NJ\" >New Jersey<\/option><option value=\"NM\" >New Mexico<\/option><option value=\"NY\" >New York<\/option><option value=\"NC\" >North Carolina<\/option><option value=\"ND\" >North Dakota<\/option><option value=\"OH\" >Ohio<\/option><option value=\"OK\" >Oklahoma<\/option><option value=\"OR\" >Oregon<\/option><option value=\"PA\" >Pennsylvania<\/option><option value=\"RI\" >Rhode Island<\/option><option value=\"SC\" >South Carolina<\/option><option value=\"SD\" >South Dakota<\/option><option value=\"TN\" >Tennessee<\/option><option value=\"TX\" >Texas<\/option><option value=\"UT\" >Utah<\/option><option value=\"VT\" >Vermont<\/option><option value=\"VA\" >Virginia<\/option><option value=\"WA\" >Washington<\/option><option value=\"WV\" >West Virginia<\/option><option value=\"WI\" >Wisconsin<\/option><option value=\"WY\" >Wyoming<\/option><\/select><label for=\"wpforms-2884-field_1-state\" class=\"wpforms-field-sublabel\">State<\/label><\/div><\/div><div class=\"wpforms-field-row wpforms-field-medium wpforms-field-required\"><div class=\"wpforms-field-row-block wpforms-one-half wpforms-first\"><input type=\"text\" name=\"wpforms[fields][1][postal]\" id=\"wpforms-2884-field_1-postal\" class=\"wpforms-field-address-postal wpforms-field-required wpforms-masked-input\" placeholder=\"\" value=\"\" data-inputmask=\"'mask': '99999[-9999]', 'greedy' : false\"  required><label for=\"wpforms-2884-field_1-postal\" class=\"wpforms-field-sublabel\">Zip Code<\/label><\/div><\/div><\/div><div id=\"wpforms-2884-field_22-container\" class=\"wpforms-field wpforms-field-text\" data-field-id=\"22\"><label class=\"wpforms-field-label\" for=\"wpforms-2884-field_22\">Current Rental Rate <span class=\"wpforms-required-label\">*<\/span><\/label><input type=\"text\" id=\"wpforms-2884-field_22\" class=\"wpforms-field-medium wpforms-field-required\" name=\"wpforms[fields][22]\" required><\/div><div id=\"wpforms-2884-field_2-container\" class=\"wpforms-field wpforms-field-phone\" data-field-id=\"2\"><label class=\"wpforms-field-label\" for=\"wpforms-2884-field_2\">Phone <span class=\"wpforms-required-label\">*<\/span><\/label><input type=\"text\" id=\"wpforms-2884-field_2\" class=\"wpforms-field-medium wpforms-field-required wpforms-masked-input\" data-inputmask=\"&#039;mask&#039;: &#039;(999) 999-9999&#039;\" name=\"wpforms[fields][2]\" required><\/div><div id=\"wpforms-2884-field_24-container\" class=\"wpforms-field wpforms-field-textarea\" data-field-id=\"24\"><label class=\"wpforms-field-label\" for=\"wpforms-2884-field_24\">Why are you moving? <span class=\"wpforms-required-label\">*<\/span><\/label><textarea id=\"wpforms-2884-field_24\" class=\"wpforms-field-medium wpforms-field-required\" name=\"wpforms[fields][24]\" required><\/textarea><\/div><div id=\"wpforms-2884-field_23-container\" class=\"wpforms-field wpforms-field-text\" data-field-id=\"23\"><label class=\"wpforms-field-label\" for=\"wpforms-2884-field_23\">How did you hear about us?<\/label><input type=\"text\" id=\"wpforms-2884-field_23\" class=\"wpforms-field-medium\" name=\"wpforms[fields][23]\" ><\/div><div id=\"wpforms-2884-field_13-container\" class=\"wpforms-field wpforms-field-number\" data-field-id=\"13\"><label class=\"wpforms-field-label\" for=\"wpforms-2884-field_13\">How many occupants will reside in the apartment? <span class=\"wpforms-required-label\">*<\/span><\/label><input type=\"number\" id=\"wpforms-2884-field_13\" class=\"wpforms-field-medium wpforms-field-required\" name=\"wpforms[fields][13]\" required><div class=\"wpforms-field-description\">Please note that we follow federal fair housing recommendations. \r\n\r\nEveryone over 18-years of age will need to apply. <\/div><\/div><div id=\"wpforms-2884-field_14-container\" class=\"wpforms-field wpforms-field-radio\" data-field-id=\"14\"><label class=\"wpforms-field-label\" for=\"wpforms-2884-field_14\">Do you have pets? <span class=\"wpforms-required-label\">*<\/span><\/label><ul id=\"wpforms-2884-field_14\" class=\"wpforms-field-required\" ><li class=\"choice-1\"><input type=\"radio\" id=\"wpforms-2884-field_14_1\" name=\"wpforms[fields][14]\" value=\"Yes\"   required><label class=\"wpforms-field-label-inline\" for=\"wpforms-2884-field_14_1\">Yes<\/label><\/li><li class=\"choice-2\"><input type=\"radio\" id=\"wpforms-2884-field_14_2\" name=\"wpforms[fields][14]\" value=\"No\"   required><label class=\"wpforms-field-label-inline\" for=\"wpforms-2884-field_14_2\">No<\/label><\/li><\/ul><\/div><div id=\"wpforms-2884-field_5-container\" class=\"wpforms-field wpforms-field-text\" data-field-id=\"5\"><label class=\"wpforms-field-label\" for=\"wpforms-2884-field_5\">Employer <span class=\"wpforms-required-label\">*<\/span><\/label><input type=\"text\" id=\"wpforms-2884-field_5\" class=\"wpforms-field-medium wpforms-field-required\" name=\"wpforms[fields][5]\" required><\/div><div id=\"wpforms-2884-field_9-container\" class=\"wpforms-field wpforms-field-text\" data-field-id=\"9\"><label class=\"wpforms-field-label\" for=\"wpforms-2884-field_9\">How Long have you been employed? <span class=\"wpforms-required-label\">*<\/span><\/label><input type=\"text\" id=\"wpforms-2884-field_9\" class=\"wpforms-field-medium wpforms-field-required\" name=\"wpforms[fields][9]\" required><\/div><div id=\"wpforms-2884-field_10-container\" class=\"wpforms-field wpforms-field-text\" data-field-id=\"10\"><label class=\"wpforms-field-label\" for=\"wpforms-2884-field_10\">Monthly Income <span class=\"wpforms-required-label\">*<\/span><\/label><input type=\"text\" id=\"wpforms-2884-field_10\" class=\"wpforms-field-medium wpforms-field-required\" name=\"wpforms[fields][10]\" placeholder=\"$xxxx\" required><div class=\"wpforms-field-description\">This is the income generated by you<\/div><\/div><div id=\"wpforms-2884-field_15-container\" class=\"wpforms-field wpforms-field-text\" data-field-id=\"15\"><label class=\"wpforms-field-label\" for=\"wpforms-2884-field_15\">Social Security Number <span class=\"wpforms-required-label\">*<\/span><\/label><input type=\"text\" id=\"wpforms-2884-field_15\" class=\"wpforms-field-medium wpforms-field-required\" name=\"wpforms[fields][15]\" placeholder=\"xxx-xx-xxxx\" required><div class=\"wpforms-field-description\">If you do not social security number please write none<\/div><\/div><div id=\"wpforms-2884-field_27-container\" class=\"wpforms-field wpforms-field-number\" data-field-id=\"27\"><label class=\"wpforms-field-label\" for=\"wpforms-2884-field_27\">Date of Birth <span class=\"wpforms-required-label\">*<\/span><\/label><input type=\"number\" id=\"wpforms-2884-field_27\" class=\"wpforms-field-medium wpforms-field-required\" name=\"wpforms[fields][27]\" required><\/div><div id=\"wpforms-2884-field_16-container\" class=\"wpforms-field wpforms-field-text\" data-field-id=\"16\"><label class=\"wpforms-field-label\" for=\"wpforms-2884-field_16\">Drivers License Number or State Identification Card <span class=\"wpforms-required-label\">*<\/span><\/label><input type=\"text\" id=\"wpforms-2884-field_16\" class=\"wpforms-field-medium wpforms-field-required\" name=\"wpforms[fields][16]\" required><div class=\"wpforms-field-description\">You will need to present this information at the time of your lease signing.<\/div><\/div><div id=\"wpforms-2884-field_19-container\" class=\"wpforms-field wpforms-field-date-time\" data-field-id=\"19\"><label class=\"wpforms-field-label\" for=\"wpforms-2884-field_19\">Date \/ Time <span class=\"wpforms-required-label\">*<\/span><\/label><div class=\"wpforms-field-row wpforms-field-medium wpforms-field-required\"><div class=\"wpforms-field-row-block wpforms-one-half wpforms-first\"><input type=\"text\" name=\"wpforms[fields][19][date]\" id=\"wpforms-2884-field_19\" class=\"wpforms-field-date-time-date wpforms-datepicker wpforms-field-required\" placeholder=\"\" data-date-format=\"m\/d\/Y\"  required><label for=\"wpforms-2884-field_19\" class=\"wpforms-field-sublabel\">Date<\/label><\/div><div class=\"wpforms-field-row-block wpforms-one-half\"><input type=\"text\" name=\"wpforms[fields][19][time]\" id=\"wpforms-2884-field_19-time\" class=\"wpforms-field-date-time-time wpforms-timepicker wpforms-field-required wpforms-field-date-time-time wpforms-timepicker\" placeholder=\"\" data-rule-time12h=\"true\" data-time-format=\"g:i A\" data-step=\"30\"  required><label for=\"wpforms-2884-field_19\" class=\"wpforms-field-sublabel\">Time<\/label><\/div><\/div><\/div><div id=\"wpforms-2884-field_18-container\" class=\"wpforms-field wpforms-field-captcha\" data-field-id=\"18\"><label class=\"wpforms-field-label\" for=\"wpforms-2884-field_18\">Captcha <span class=\"wpforms-required-label\">*<\/span><\/label><div class=\"wpforms-captcha-math\"><span class=\"wpforms-captcha-equation\"><span class=\"n1\"><\/span> <span class=\"cal\"><\/span> <span class=\"n2\"><\/span> <span class=\"e\">=<\/span> <\/span><input type=\"text\" name=\"wpforms[fields][18][a]\" id=\"wpforms-2884-field_18\" data-rule-wpf-captcha=\"math\" class=\"wpforms-field-medium wpforms-field-required a\" placeholder=\"\"  required><input type=\"hidden\" name=\"wpforms[fields][18][cal]\" class=\"cal\"><input type=\"hidden\" name=\"wpforms[fields][18][n2]\" class=\"n2\"><input type=\"hidden\" name=\"wpforms[fields][18][n1]\" class=\"n1\"><\/div><\/div><div id=\"wpforms-2884-field_21-container\" class=\"wpforms-field wpforms-field-radio\" data-field-id=\"21\"><label class=\"wpforms-field-label\" for=\"wpforms-2884-field_21\">Multiple Choice <span class=\"wpforms-required-label\">*<\/span><\/label><ul id=\"wpforms-2884-field_21\" class=\"wpforms-field-required\" ><li class=\"choice-1\"><input type=\"radio\" id=\"wpforms-2884-field_21_1\" name=\"wpforms[fields][21]\" value=\"I hereby state the above information is truthful and accurate. I further authorize Apartment Management Services, its officers and employees to perform a credit and criminal background check for purposes of renting an apartment at the above location.\"   required><label class=\"wpforms-field-label-inline\" for=\"wpforms-2884-field_21_1\">I hereby state the above information is truthful and accurate. I further authorize Apartment Management Services, its officers and employees to perform a credit and criminal background check for purposes of renting an apartment at the above location.<\/label><\/li><li class=\"choice-2\"><input type=\"radio\" id=\"wpforms-2884-field_21_2\" name=\"wpforms[fields][21]\" value=\"I do not authorize a credit background check and I lied when providing the above information.\"   required><label class=\"wpforms-field-label-inline\" for=\"wpforms-2884-field_21_2\">I do not authorize a credit background check and I lied when providing the above information.<\/label><\/li><\/ul><\/div><div id=\"wpforms-2884-field_20-container\" class=\"wpforms-field wpforms-field-name\" data-field-id=\"20\"><label class=\"wpforms-field-label\" for=\"wpforms-2884-field_20\">Name <span class=\"wpforms-required-label\">*<\/span><\/label><div class=\"wpforms-field-row wpforms-field-medium\"><div class=\"wpforms-field-row-block wpforms-first wpforms-one-half\"><input type=\"text\" id=\"wpforms-2884-field_20\" class=\"wpforms-field-name-first wpforms-field-required\" name=\"wpforms[fields][20][first]\" required><label for=\"wpforms-2884-field_20\" class=\"wpforms-field-sublabel after\">First<\/label><\/div><div class=\"wpforms-field-row-block wpforms-one-half\"><input type=\"text\" id=\"wpforms-2884-field_20-last\" class=\"wpforms-field-name-last wpforms-field-required\" name=\"wpforms[fields][20][last]\" required><label for=\"wpforms-2884-field_20-last\" class=\"wpforms-field-sublabel after\">Last<\/label><\/div><\/div><\/div><div id=\"wpforms-2884-field_26-container\" class=\"wpforms-field wpforms-field-radio\" data-field-id=\"26\"><label class=\"wpforms-field-label\" for=\"wpforms-2884-field_26\">Do you have another applicant? <span class=\"wpforms-required-label\">*<\/span><\/label><ul id=\"wpforms-2884-field_26\" class=\"wpforms-field-required\" ><li class=\"choice-1\"><input type=\"radio\" id=\"wpforms-2884-field_26_1\" name=\"wpforms[fields][26]\" value=\"Yes\"   required><label class=\"wpforms-field-label-inline\" for=\"wpforms-2884-field_26_1\">Yes<\/label><\/li><li class=\"choice-2\"><input type=\"radio\" id=\"wpforms-2884-field_26_2\" name=\"wpforms[fields][26]\" value=\"No\"   required><label class=\"wpforms-field-label-inline\" for=\"wpforms-2884-field_26_2\">No<\/label><\/li><\/ul><\/div><\/div><div class=\"wpforms-field wpforms-field-hp\" id=\"wpform-field-hp\"><label for=\"wpforms-field_hp\" class=\"wpforms-field-label\">Website<\/label><input type=\"text\" name=\"wpforms[hp]\" id=\"wpforms-field_hp\" class=\"wpforms-field-medium\"><\/div><div class=\"wpforms-submit-container\" ><input type=\"hidden\" name=\"wpforms[id]\" value=\"2884\"><input type=\"hidden\" name=\"wpforms[author]\" value=\"1\"><button type=\"submit\" name=\"wpforms[submit]\" class=\"wpforms-submit\" id=\"wpforms-submit-2884\" value=\"wpforms-submit\" data-alt-text=\"Sending...\">Submit<\/button><\/div><input type=\"hidden\" name=\"trp-form-language\" value=\"es\"\/><\/form><\/div><\/p>\n<\/div>\n<\/div>\n<\/div>\n<\/div>\n<\/div>","protected":false},"excerpt":{"rendered":"<p>Nuestro objetivo es proporcionar un entorno de vida seguro y limpio para que todos los residentes disfruten. Como tal, realizamos verificaciones de antecedentes penales y cr\u00e9dito de todos los residentes mayores de 18 a\u00f1os. Requisitos del contrato de arrendamiento: Empleamos un enfoque combinado para la selecci\u00f3n de solicitantes en el que combinamos los ingresos del [&hellip;]<\/p>","protected":false},"author":1,"featured_media":0,"parent":217,"menu_order":1,"comment_status":"closed","ping_status":"closed","template":"","meta":{"footnotes":""},"class_list":["post-56397","page","type-page","status-publish"],"aioseo_notices":[],"_links":{"self":[{"href":"https:\/\/arizonaapartmentservices.com\/es\/wp-json\/wp\/v2\/pages\/56397","targetHints":{"allow":["GET"]}}],"collection":[{"href":"https:\/\/arizonaapartmentservices.com\/es\/wp-json\/wp\/v2\/pages"}],"about":[{"href":"https:\/\/arizonaapartmentservices.com\/es\/wp-json\/wp\/v2\/types\/page"}],"author":[{"embeddable":true,"href":"https:\/\/arizonaapartmentservices.com\/es\/wp-json\/wp\/v2\/users\/1"}],"replies":[{"embeddable":true,"href":"https:\/\/arizonaapartmentservices.com\/es\/wp-json\/wp\/v2\/comments?post=56397"}],"version-history":[{"count":3,"href":"https:\/\/arizonaapartmentservices.com\/es\/wp-json\/wp\/v2\/pages\/56397\/revisions"}],"predecessor-version":[{"id":58197,"href":"https:\/\/arizonaapartmentservices.com\/es\/wp-json\/wp\/v2\/pages\/56397\/revisions\/58197"}],"up":[{"embeddable":true,"href":"https:\/\/arizonaapartmentservices.com\/es\/wp-json\/wp\/v2\/pages\/217"}],"wp:attachment":[{"href":"https:\/\/arizonaapartmentservices.com\/es\/wp-json\/wp\/v2\/media?parent=56397"}],"curies":[{"name":"wp","href":"https:\/\/api.w.org\/{rel}","templated":true}]}}