{"id":56051,"date":"2024-11-19T03:21:02","date_gmt":"2024-11-19T03:21:02","guid":{"rendered":"https:\/\/arizonaapartmentservices.com\/?page_id=56051"},"modified":"2024-11-19T03:21:03","modified_gmt":"2024-11-19T03:21:03","slug":"recomendados","status":"publish","type":"page","link":"https:\/\/arizonaapartmentservices.com\/es\/recomendados\/","title":{"rendered":"Recomendados"},"content":{"rendered":"<div class=\"boldgrid-section\" style=\"background-image: linear-gradient(to left, #4b79a1, #283e51);\" data-bg-color-1=\"#4B79A1\" data-bg-color-2=\"#283E51\" data-bg-direction=\"to left\">\n<div class=\"container\">\n<div class=\"row\" style=\"padding-top: 28px;\">\n<div class=\"col-md-12 col-xs-12 col-sm-12\">\n<h4 class=\"row\"><a class=\"button-primary\" href=\"http:\/\/arizonaapartmentservices.com\/es\/featured-2\/on-line-application\/\" target=\"_blank\" rel=\"noopener noreferrer\">Apply Now<\/a><\/h4>\n<\/div>\n<\/div>\n<\/div>\n<\/div>\n<div class=\"boldgrid-section\" style=\"background-image: linear-gradient(#2980b9, #2c3e50);\" data-bg-color-1=\"#2980b9\" data-bg-color-2=\"#2c3e50\" data-bg-direction=\"to bottom\">\n<div class=\"container\">\n<div class=\"row gridblock\">\n<div class=\"col-md-5 col-xs-12 col-sm-12\">\n<div class=\"bg-box bg-box-rounded bg-box-border-thin\" style=\"background-color: #ffffff;\">\n<div class=\"wc-gallery\"><div id='gallery-1' data-gutter-width='5' data-columns='2' class='gallery wc-gallery-captions-onhover gallery-link-file gallery-masonry galleryid-56051 gallery-columns-2 gallery-size-thumbnail wc-gallery-bottomspace-default wc-gallery-clear'><div class='gallery-item gallery-item-position-1 gallery-item-attachment-51291'>\n\t\t\t\t<div class='gallery-icon landscape'>\n\t\t\t\t\t<a href='https:\/\/arizonaapartmentservices.com\/wp-content\/uploads\/2023\/12\/IMG_20231205_145934967-1024x768.jpg' title='IMG_20231205_145934967' target='_self'><img loading=\"lazy\" decoding=\"async\" width=\"150\" height=\"150\" src=\"https:\/\/arizonaapartmentservices.com\/wp-content\/uploads\/2023\/12\/IMG_20231205_145934967-150x150.jpg\" class=\"attachment-thumbnail size-thumbnail\" alt=\"\" srcset=\"https:\/\/arizonaapartmentservices.com\/wp-content\/uploads\/2023\/12\/IMG_20231205_145934967-150x150.jpg 150w, https:\/\/arizonaapartmentservices.com\/wp-content\/uploads\/2023\/12\/IMG_20231205_145934967-48x48.jpg 48w, https:\/\/arizonaapartmentservices.com\/wp-content\/uploads\/2023\/12\/IMG_20231205_145934967-300x300.jpg 300w\" sizes=\"auto, (max-width: 150px) 100vw, 150px\" \/><\/a>\n\t\t\t\t<\/div>\n\t\t\t\t\t<div class='wp-caption-text gallery-caption'>\n\t\t\t\t\t\t<p>\n\t\t\t\t\t\tStreet Scene (2025)\n\t\t\t\t\t\t<\/p>\n\t\t\t\t\t<\/div><\/div><div class='gallery-item gallery-item-position-2 gallery-item-attachment-35290'>\n\t\t\t\t<div class='gallery-icon landscape'>\n\t\t\t\t\t<a href='https:\/\/arizonaapartmentservices.com\/wp-content\/uploads\/2021\/05\/2916E39B-B447-4869-935F-1C0DB8094E86-1024x768.jpeg' title='2916E39B-B447-4869-935F-1C0DB8094E86' target='_self'><img loading=\"lazy\" decoding=\"async\" width=\"150\" height=\"150\" src=\"https:\/\/arizonaapartmentservices.com\/wp-content\/uploads\/2021\/05\/2916E39B-B447-4869-935F-1C0DB8094E86-150x150.jpeg\" class=\"attachment-thumbnail size-thumbnail\" alt=\"\" srcset=\"https:\/\/arizonaapartmentservices.com\/wp-content\/uploads\/2021\/05\/2916E39B-B447-4869-935F-1C0DB8094E86-150x150.jpeg 150w, https:\/\/arizonaapartmentservices.com\/wp-content\/uploads\/2021\/05\/2916E39B-B447-4869-935F-1C0DB8094E86-48x48.jpeg 48w, https:\/\/arizonaapartmentservices.com\/wp-content\/uploads\/2021\/05\/2916E39B-B447-4869-935F-1C0DB8094E86-300x300.jpeg 300w\" sizes=\"auto, (max-width: 150px) 100vw, 150px\" \/><\/a>\n\t\t\t\t<\/div>\n\t\t\t\t\t<div class='wp-caption-text gallery-caption'>\n\t\t\t\t\t\t<p>\n\t\t\t\t\t\tFront\n\t\t\t\t\t\t<\/p>\n\t\t\t\t\t<\/div><\/div><div class='gallery-item gallery-item-position-3 gallery-item-attachment-51293'>\n\t\t\t\t<div class='gallery-icon landscape'>\n\t\t\t\t\t<a href='https:\/\/arizonaapartmentservices.com\/wp-content\/uploads\/2023\/12\/IMG_20231205_150025149-1024x768.jpg' title='IMG_20231205_150025149' target='_self'><img loading=\"lazy\" decoding=\"async\" width=\"150\" height=\"150\" src=\"https:\/\/arizonaapartmentservices.com\/wp-content\/uploads\/2023\/12\/IMG_20231205_150025149-150x150.jpg\" class=\"attachment-thumbnail size-thumbnail\" alt=\"\" srcset=\"https:\/\/arizonaapartmentservices.com\/wp-content\/uploads\/2023\/12\/IMG_20231205_150025149-150x150.jpg 150w, https:\/\/arizonaapartmentservices.com\/wp-content\/uploads\/2023\/12\/IMG_20231205_150025149-48x48.jpg 48w, https:\/\/arizonaapartmentservices.com\/wp-content\/uploads\/2023\/12\/IMG_20231205_150025149-300x300.jpg 300w\" sizes=\"auto, (max-width: 150px) 100vw, 150px\" \/><\/a>\n\t\t\t\t<\/div><\/div><div class='gallery-item gallery-item-position-4 gallery-item-attachment-51292'>\n\t\t\t\t<div class='gallery-icon landscape'>\n\t\t\t\t\t<a href='https:\/\/arizonaapartmentservices.com\/wp-content\/uploads\/2023\/12\/IMG_20231205_145957674-1024x768.jpg' title='IMG_20231205_145957674' target='_self'><img loading=\"lazy\" decoding=\"async\" width=\"150\" height=\"150\" src=\"https:\/\/arizonaapartmentservices.com\/wp-content\/uploads\/2023\/12\/IMG_20231205_145957674-150x150.jpg\" class=\"attachment-thumbnail size-thumbnail\" alt=\"\" srcset=\"https:\/\/arizonaapartmentservices.com\/wp-content\/uploads\/2023\/12\/IMG_20231205_145957674-150x150.jpg 150w, https:\/\/arizonaapartmentservices.com\/wp-content\/uploads\/2023\/12\/IMG_20231205_145957674-48x48.jpg 48w, https:\/\/arizonaapartmentservices.com\/wp-content\/uploads\/2023\/12\/IMG_20231205_145957674-300x300.jpg 300w\" sizes=\"auto, (max-width: 150px) 100vw, 150px\" \/><\/a>\n\t\t\t\t<\/div>\n\t\t\t\t\t<div class='wp-caption-text gallery-caption'>\n\t\t\t\t\t\t<p>\n\t\t\t\t\t\tNorth Building\n\t\t\t\t\t\t<\/p>\n\t\t\t\t\t<\/div><\/div><div class='gallery-item gallery-item-position-5 gallery-item-attachment-51288'>\n\t\t\t\t<div class='gallery-icon landscape'>\n\t\t\t\t\t<a href='https:\/\/arizonaapartmentservices.com\/wp-content\/uploads\/2023\/12\/IMG_20231205_145812311-1-1024x768.jpg' title='IMG_20231205_145812311' target='_self'><img loading=\"lazy\" decoding=\"async\" width=\"150\" height=\"150\" src=\"https:\/\/arizonaapartmentservices.com\/wp-content\/uploads\/2023\/12\/IMG_20231205_145812311-1-150x150.jpg\" class=\"attachment-thumbnail size-thumbnail\" alt=\"\" srcset=\"https:\/\/arizonaapartmentservices.com\/wp-content\/uploads\/2023\/12\/IMG_20231205_145812311-1-150x150.jpg 150w, https:\/\/arizonaapartmentservices.com\/wp-content\/uploads\/2023\/12\/IMG_20231205_145812311-1-48x48.jpg 48w, https:\/\/arizonaapartmentservices.com\/wp-content\/uploads\/2023\/12\/IMG_20231205_145812311-1-300x300.jpg 300w\" sizes=\"auto, (max-width: 150px) 100vw, 150px\" \/><\/a>\n\t\t\t\t<\/div>\n\t\t\t\t\t<div class='wp-caption-text gallery-caption'>\n\t\t\t\t\t\t<p>\n\t\t\t\t\t\tSouth Building\n\t\t\t\t\t\t<\/p>\n\t\t\t\t\t<\/div><\/div><div class='gallery-item gallery-item-position-6 gallery-item-attachment-51297'>\n\t\t\t\t<div class='gallery-icon landscape'>\n\t\t\t\t\t<a href='https:\/\/arizonaapartmentservices.com\/wp-content\/uploads\/2023\/12\/IMG_20231205_150143977-1024x768.jpg' title='IMG_20231205_150143977' target='_self'><img loading=\"lazy\" decoding=\"async\" width=\"150\" height=\"150\" src=\"https:\/\/arizonaapartmentservices.com\/wp-content\/uploads\/2023\/12\/IMG_20231205_150143977-150x150.jpg\" class=\"attachment-thumbnail size-thumbnail\" alt=\"\" srcset=\"https:\/\/arizonaapartmentservices.com\/wp-content\/uploads\/2023\/12\/IMG_20231205_150143977-150x150.jpg 150w, https:\/\/arizonaapartmentservices.com\/wp-content\/uploads\/2023\/12\/IMG_20231205_150143977-48x48.jpg 48w, https:\/\/arizonaapartmentservices.com\/wp-content\/uploads\/2023\/12\/IMG_20231205_150143977-300x300.jpg 300w\" sizes=\"auto, (max-width: 150px) 100vw, 150px\" \/><\/a>\n\t\t\t\t<\/div>\n\t\t\t\t\t<div class='wp-caption-text gallery-caption'>\n\t\t\t\t\t\t<p>\n\t\t\t\t\t\tCourtyard\n\t\t\t\t\t\t<\/p>\n\t\t\t\t\t<\/div><\/div><div class='gallery-item gallery-item-position-7 gallery-item-attachment-51316'>\n\t\t\t\t<div class='gallery-icon landscape'>\n\t\t\t\t\t<a href='https:\/\/arizonaapartmentservices.com\/wp-content\/uploads\/2023\/12\/IMG_20231206_103925312-1024x768.jpg' title='IMG_20231206_103925312' target='_self'><img loading=\"lazy\" decoding=\"async\" width=\"150\" height=\"150\" src=\"https:\/\/arizonaapartmentservices.com\/wp-content\/uploads\/2023\/12\/IMG_20231206_103925312-150x150.jpg\" class=\"attachment-thumbnail size-thumbnail\" alt=\"\" srcset=\"https:\/\/arizonaapartmentservices.com\/wp-content\/uploads\/2023\/12\/IMG_20231206_103925312-150x150.jpg 150w, https:\/\/arizonaapartmentservices.com\/wp-content\/uploads\/2023\/12\/IMG_20231206_103925312-48x48.jpg 48w, https:\/\/arizonaapartmentservices.com\/wp-content\/uploads\/2023\/12\/IMG_20231206_103925312-300x300.jpg 300w\" sizes=\"auto, (max-width: 150px) 100vw, 150px\" \/><\/a>\n\t\t\t\t<\/div>\n\t\t\t\t\t<div class='wp-caption-text gallery-caption'>\n\t\t\t\t\t\t<p>\n\t\t\t\t\t\tCourtyard\n\t\t\t\t\t\t<\/p>\n\t\t\t\t\t<\/div><\/div><div class='gallery-item gallery-item-position-8 gallery-item-attachment-512'>\n\t\t\t\t<div class='gallery-icon landscape'>\n\t\t\t\t\t<a href='https:\/\/arizonaapartmentservices.com\/wp-content\/uploads\/2016\/01\/21699-FB_IMG_1483805326828.jpg' title='(21699) FB_IMG_1483805326828' target='_self'><img loading=\"lazy\" decoding=\"async\" width=\"150\" height=\"150\" src=\"https:\/\/arizonaapartmentservices.com\/wp-content\/uploads\/2016\/01\/21699-FB_IMG_1483805326828-150x150.jpg\" class=\"attachment-thumbnail size-thumbnail\" alt=\"\" \/><\/a>\n\t\t\t\t<\/div>\n\t\t\t\t\t<div class='wp-caption-text gallery-caption'>\n\t\t\t\t\t\t<p>\n\t\t\t\t\t\tParking Lot\n\t\t\t\t\t\t<\/p>\n\t\t\t\t\t<\/div><\/div><div class='gallery-item gallery-item-position-9 gallery-item-attachment-513'>\n\t\t\t\t<div class='gallery-icon landscape'>\n\t\t\t\t\t<a href='https:\/\/arizonaapartmentservices.com\/wp-content\/uploads\/2016\/01\/21700-FB_IMG_1483805344297.jpg' title='(21700) FB_IMG_1483805344297' target='_self'><img loading=\"lazy\" decoding=\"async\" width=\"150\" height=\"150\" src=\"https:\/\/arizonaapartmentservices.com\/wp-content\/uploads\/2016\/01\/21700-FB_IMG_1483805344297-150x150.jpg\" class=\"attachment-thumbnail size-thumbnail\" alt=\"\" \/><\/a>\n\t\t\t\t<\/div>\n\t\t\t\t\t<div class='wp-caption-text gallery-caption'>\n\t\t\t\t\t\t<p>\n\t\t\t\t\t\tParking Lot (2025)\n\t\t\t\t\t\t<\/p>\n\t\t\t\t\t<\/div><\/div><\/div>\n<\/div>\n<div class=\"mod-blockquote\">\n<p style=\"text-align: left;\">La Cascada Apartment Homes es una comunidad reservada con estacionamiento cubierto, lavander\u00eda en el lugar, y apartamentos espaciosos grandes.<\/p>\n<\/div>\n<\/div>\n<\/div>\n<div class=\"col-md-7 col-xs-12 col-sm-12\">\n<div class=\"bg-box bg-box-rounded bg-box-border-thin\" style=\"background-color: #ffffff;\">\n<h4>La Cascada Apartment Homes<\/h4>\n<p>La Cascada Apartments est\u00e1 situado al noreste del centro de Mesa, Arizona. Est\u00e1 a poca distancia de la l\u00ednea de tren ligero y del distrito c\u00edvico, cultural y de innovaci\u00f3n del centro de Mesa. El Centro de Artes de Mesa, The GRID en MESA, la Universidad Benedictina y el Templo SUD de Mesa Arizona est\u00e1n ubicados muy cerca de La Cascada Apartamentos.<\/p>\n<p>La Cascada Apartments est\u00e1 ubicado en 441 North LeSueur, Mesa AZ 85203.\u00a0 Este edificio de apartamentos de 12 unidades y dos pisos fue construido en 1972 y se compone de tres edificios centrados alrededor de un peque\u00f1o patio. Las comodidades del edificio incluyen lavander\u00eda en el lugar de doble capacidad, estacionamiento cubierto y cableado de comunicaciones actualizado que conduce a Internet de alta velocidad. Los apartamentos est\u00e1n compuestos por ocho apartamentos de dos dormitorios y dos ba\u00f1os de 960 pies cuadrados y cuatro apartamentos de un dormitorio y un ba\u00f1o de 640 pies cuadrados.<\/p>\n<h5>Comodidades<\/h5>\n<div class=\"row\">\n<div class=\"col-md-11 col-xs-12 col-sm-12\">\n<ul>\n<li>Apartamentos espaciosos<\/li>\n<li>Lavadoras y secadoras in situ energ\u00e9ticamente eficientes<\/li>\n<li>Estacionamiento cubierto y asignado<\/li>\n<li>Nuevas ventanas<\/li>\n<li>Suelo de tablones de vinilo de lujo natural<\/li>\n<li>Nuevos aires acondicionados<\/li>\n<li>Pagos de alquiler en l\u00ednea a trav\u00e9s de nuestros socios Zelle Pay<\/li>\n<li>0.8 millas hasta Main; Estaci\u00f3n de tren ligero de Mesa con f\u00e1cil acceso a la Universidad Estatal de Arizona<\/li>\n<li>Ubicado en el centro de Mesa y el distrito de innovaci\u00f3n<\/li>\n<\/ul>\n<\/div>\n<div class=\"col-md-1 col-xs-12 col-sm-12\">\n<div><\/div>\n<\/div>\n<\/div>\n<div class=\"row\">\n<div class=\"col-md-12 col-xs-12 col-sm-12\">\n<div>\n<hr \/>\n<\/div>\n<\/div>\n<\/div>\n<\/div>\n<\/div>\n<\/div>\n<\/div>\n<\/div>\n<div class=\"boldgrid-section\" style=\"background-image: linear-gradient(to left, #4b79a1, #283e51);\" data-bg-color-1=\"#4B79A1\" data-bg-color-2=\"#283E51\" data-bg-direction=\"to left\">\n<div class=\"container\">\n<div class=\"row gridblock\">\n<div class=\"col-md-3 col-xs-12 col-sm-12\">\n<p class=\"mod-img\"><strong>One-Bedroom Layout<\/strong><\/p>\n<p><img loading=\"lazy\" decoding=\"async\" class=\"alignnone wp-image-324\" src=\"http:\/\/arizonaapartmentservices.com\/wp-content\/uploads\/2016\/01\/onebedroomlayout-1-249x300.jpg\" alt=\"onebedroomlayout\" width=\"232\" height=\"280\" srcset=\"https:\/\/arizonaapartmentservices.com\/wp-content\/uploads\/2016\/01\/onebedroomlayout-1-249x300.jpg 249w, https:\/\/arizonaapartmentservices.com\/wp-content\/uploads\/2016\/01\/onebedroomlayout-1.jpg 643w\" sizes=\"auto, (max-width: 232px) 100vw, 232px\" \/><\/p>\n<p class=\"mod-img\"><strong>Two-Bedroom Layout<\/strong><\/p>\n<p><img loading=\"lazy\" decoding=\"async\" class=\"alignnone wp-image-309\" src=\"http:\/\/arizonaapartmentservices.com\/wp-content\/uploads\/2016\/01\/twobedroomlayout-251x300.jpg\" alt=\"twobedroomlayout\" width=\"231\" height=\"276\" srcset=\"https:\/\/arizonaapartmentservices.com\/wp-content\/uploads\/2016\/01\/twobedroomlayout-251x300.jpg 251w, https:\/\/arizonaapartmentservices.com\/wp-content\/uploads\/2016\/01\/twobedroomlayout.jpg 646w\" sizes=\"auto, (max-width: 231px) 100vw, 231px\" \/><\/p>\n<\/div>\n<div class=\"col-md-4 col-xs-12 col-sm-12\">\n<div class=\"bg-box bg-box-rounded bg-box-border-thin\" style=\"background-color: #ffffff;\">\n<p>Apartamento de un dormitorio \/ un ba\u00f1o<\/p>\n<p>Nuestro apartamento de un dormitorio \/ un ba\u00f1o tiene 640 pies cuadrados de espacio habitable y est\u00e1 equipado con pisos de tablones de vinilo, calefacci\u00f3n central y aire acondicionado, y cortinas para ventanas. Tambi\u00e9n proporcionamos un refrigerador y una estufa.<\/p>\n<p>Cada apartamento de un dormitorio cuenta con una plaza de aparcamiento reservada.<\/p>\n<p>Los servicios p\u00fablicos proporcionados son por la ciudad de Mesa con agua, alcantarillado y basura pagados por el propietario. Cada inquilino es responsable de su propia electricidad.<\/p>\n<p><strong>Disponibilidad<\/strong><\/p>\n<p>En este momento, no tenemos disponibilidad.<\/p>\n<p class=\"mod-space\">\n<\/div>\n<\/div>\n<div class=\"col-md-5 col-xs-12 col-sm-12\">\n<div class=\"bg-box bg-box-rounded bg-box-border-thin\" style=\"background-color: #ffffff;\">\n<p>Apartamento de dos dormitorios y dos ba\u00f1os<\/p>\n<p>Nuestro apartamento de dos habitaciones y dos ba\u00f1os tiene 960 pies cuadrados de espacio habitable y est\u00e1 equipado con pisos de tablones de vinilo, calefacci\u00f3n central y aire acondicionado, y cortinas para ventanas. Tambi\u00e9n proporcionamos un refrigerador y una estufa.<\/p>\n<p>Cada apartamento de dos habitaciones cuenta con un lugar de estacionamiento reservado (m\u00e1s un lugar de estacionamiento no reservado)<\/p>\n<p>Los servicios p\u00fablicos proporcionados son por la ciudad de Mesa con agua, alcantarillado y basura pagados por el propietario. Cada inquilino es responsable de sus propios servicios de electricidad y comunicaci\u00f3n.<\/p>\n<p><strong>Disponibilidad<\/strong><\/p>\n<p class=\"mod-space\">Please call John at (949) 244-8813 for details.<\/p>\n<\/div>\n<\/div>\n<\/div>\n<\/div>\n<\/div>\n<div class=\"boldgrid-section\">\n<div class=\"container\">\n<div class=\"row\">\n<div class=\"col-md-12 col-xs-12 col-sm-12\">\n<h4 class=\"row\"><a class=\"button-primary\" href=\"http:\/\/arizonaapartmentservices.com\/es\/featured-2\/on-line-application\/\" target=\"_blank\" rel=\"noopener noreferrer\">Apply Now<\/a><\/h4>\n<\/div>\n<\/div>\n<\/div>\n<\/div>\n<div class=\"boldgrid-section\">\n<div class=\"container\">\n<div class=\"row\">\n<div class=\"col-md-12 col-xs-12 col-sm-12\">\n<p><strong><span style=\"color: #000000;\">Forms<\/span><\/strong><\/p>\n<\/div>\n<\/div>\n<\/div>\n<\/div>\n<div class=\"boldgrid-section\">\n<div class=\"container\">\n<div class=\"row\">\n<div class=\"col-md-12 col-xs-12 col-sm-12\">\n<p class=\"mod-reset\"><a href=\"http:\/\/arizonaapartmentservices.com\/wp-content\/uploads\/2016\/01\/AZ-Residential-Landlord-and-Tenant-Act-Revised-July-3-2015.pdf\">AZ Residential Landlord and Tenant Act &#8211; Revised July 3 2015<\/a><\/p>\n<\/div>\n<\/div>\n<\/div>\n<\/div>\n<div class=\"boldgrid-section\">\n<div class=\"container\">\n<div class=\"row\">\n<div class=\"col-md-12 col-xs-12 col-sm-12\">\n<p class=\"mod-reset\"><a href=\"http:\/\/arizonaapartmentservices.com\/wp-content\/uploads\/2016\/01\/Lacascadarules.pdf\">Lacascadarules<\/a><\/p>\n<p class=\"mod-reset\"><a href=\"http:\/\/arizonaapartmentservices.com\/wp-content\/uploads\/2016\/01\/leadpdfe.pdf\">Lead Paint Disclosure<\/a><\/p>\n<\/div>\n<\/div>\n<\/div>\n<\/div>\n<div class=\"boldgrid-section\">\n<div class=\"container\">\n<div class=\"row\">\n<div class=\"col-md-12 col-xs-12 col-sm-12\"><\/div>\n<\/div>\n<\/div>\n<\/div>","protected":false},"excerpt":{"rendered":"<p>Apply Now La Cascada Apartment Homes es una comunidad reservada con estacionamiento cubierto, lavander\u00eda en el lugar, y apartamentos espaciosos grandes. La Cascada Apartment Homes La Cascada Apartments est\u00e1 situado al noreste del centro de Mesa, Arizona. Est\u00e1 a poca distancia de la l\u00ednea de tren ligero y del distrito c\u00edvico, cultural y de innovaci\u00f3n [&hellip;]<\/p>","protected":false},"author":1,"featured_media":0,"parent":0,"menu_order":0,"comment_status":"closed","ping_status":"closed","template":"","meta":{"footnotes":""},"class_list":["post-56051","page","type-page","status-publish"],"aioseo_notices":[],"_links":{"self":[{"href":"https:\/\/arizonaapartmentservices.com\/es\/wp-json\/wp\/v2\/pages\/56051","targetHints":{"allow":["GET"]}}],"collection":[{"href":"https:\/\/arizonaapartmentservices.com\/es\/wp-json\/wp\/v2\/pages"}],"about":[{"href":"https:\/\/arizonaapartmentservices.com\/es\/wp-json\/wp\/v2\/types\/page"}],"author":[{"embeddable":true,"href":"https:\/\/arizonaapartmentservices.com\/es\/wp-json\/wp\/v2\/users\/1"}],"replies":[{"embeddable":true,"href":"https:\/\/arizonaapartmentservices.com\/es\/wp-json\/wp\/v2\/comments?post=56051"}],"version-history":[{"count":2,"href":"https:\/\/arizonaapartmentservices.com\/es\/wp-json\/wp\/v2\/pages\/56051\/revisions"}],"predecessor-version":[{"id":56177,"href":"https:\/\/arizonaapartmentservices.com\/es\/wp-json\/wp\/v2\/pages\/56051\/revisions\/56177"}],"wp:attachment":[{"href":"https:\/\/arizonaapartmentservices.com\/es\/wp-json\/wp\/v2\/media?parent=56051"}],"curies":[{"name":"wp","href":"https:\/\/api.w.org\/{rel}","templated":true}]}}