{"id":25037,"date":"2018-10-10T04:22:15","date_gmt":"2018-10-10T04:22:15","guid":{"rendered":"http:\/\/arizonaapartmentservices.com\/?page_id=25037"},"modified":"2023-09-27T03:18:24","modified_gmt":"2023-09-27T03:18:24","slug":"making-your-move-easy","status":"publish","type":"page","link":"https:\/\/arizonaapartmentservices.com\/es\/making-your-move-easy\/","title":{"rendered":"Hacer que su mudanza sea f\u00e1cil"},"content":{"rendered":"<div class=\"boldgrid-section\" style=\"background-image: linear-gradient(#e0eafc, #cfdef3);\" data-bg-color-1=\"#E0EAFC\" data-bg-color-2=\"#CFDEF3\" data-bg-direction=\"to bottom\">\n<div class=\"container\">\n<div class=\"row\" style=\"padding-top: 20px; padding-bottom: 20px;\">\n<div class=\"col-md-12 col-xs-12 col-sm-12 align-column-center\">\n<div class=\"\">\n<p class=\"\" style=\"font-size: 19px; font-family: Adamina;\" data-font-family=\"Adamina\">Sabemos que mudarse puede ser estresante. Hemos creado esta p\u00e1gina para que su transici\u00f3n sea lo m\u00e1s fluida posible.<\/p>\n<\/div>\n<\/div>\n<\/div>\n<\/div>\n<\/div>\n<div class=\"boldgrid-section\" style=\"background-image: linear-gradient(#e0eafc, #cfdef3);\" data-bg-color-1=\"#E0EAFC\" data-bg-color-2=\"#CFDEF3\" data-bg-direction=\"to bottom\">\n<div class=\"container\">\n<div class=\"row\">\n<div class=\"col-md-6 col-xs-12 col-sm-12\">\n<p class=\"\" style=\"font-family: Adamina; font-size: 16px;\" data-font-family=\"Adamina\">Utilidades<\/p>\n<\/div>\n<div class=\"col-md-6 col-sm-12 col-xs-12\">\n<p class=\"\" style=\"font-family: Adamina; font-size: 16px;\" data-font-family=\"Adamina\">Proporcionamos agua, alcantarillado y recolecci\u00f3n de residuos. La electricidad se proporciona a trav\u00e9s de la ciudad de Mesa. La ciudad de Mesa a menudo cobra un dep\u00f3sito de seguridad para establecer un nuevo servicio. Aseg\u00farese de llevar su contrato de arrendamiento con usted para establecer el servicio. <a href=\"https:\/\/www.mesaaz.gov\/residents\/customer-service-my-utility-account\" target=\"_blank\" rel=\"noopener noreferrer\">City of Mesa Utilities<\/a><\/p>\n<\/div>\n<\/div>\n<div class=\"row\">\n<div class=\"col-md-6 col-xs-12 col-sm-12\">\n<p class=\"\" style=\"font-size: 16px; font-family: Adamina;\" data-font-family=\"Adamina\">Cable e Internet<\/p>\n<\/div>\n<div class=\"col-md-6 col-sm-12 col-xs-12\">\n<div class=\"\">\n<p class=\"\" style=\"font-size: 16px; font-family: Adamina;\" data-font-family=\"Adamina\">Los servicios de cable e Internet son proporcionados por Cox Communications. No permitimos que se instalen platos en ning\u00fan lugar de la propiedad. Cada apartamento est\u00e1 precableado con cable digital.<\/p>\n<\/div>\n<\/div>\n<\/div>\n<div class=\"row\">\n<div class=\"col-md-6 col-xs-12 col-sm-12\">\n<p class=\"\" style=\"font-size: 16px; font-family: Adamina;\" data-font-family=\"Adamina\">Alquilar<\/p>\n<\/div>\n<div class=\"col-md-6 col-sm-12 col-xs-12\">\n<div class=\"\">\n<p class=\"\" style=\"font-size: 16px; font-family: Adamina;\" data-font-family=\"Adamina\">Adem\u00e1s de la tarifa de solicitud y el dep\u00f3sito de retenci\u00f3n, los pagos de alquiler se realizan a trav\u00e9s de ZellePay, que est\u00e1 disponible a trav\u00e9s de su instituci\u00f3n bancaria.<\/p>\n<\/div>\n<\/div>\n<\/div>\n<div class=\"row\">\n<div class=\"col-md-6 col-xs-12 col-sm-12\">\n<p class=\"\" style=\"font-size: 16px; font-family: Adamina;\" data-font-family=\"Adamina\">Aparcamiento<\/p>\n<\/div>\n<div class=\"col-md-6 col-sm-12 col-xs-12\">\n<div class=\"\">\n<p class=\"\" style=\"font-size: 16px; font-family: Adamina;\" data-font-family=\"Adamina\">Cada apartamento recibe una plaza de aparcamiento reservada. Los apartamentos de dos dormitorios pueden estacionar hasta dos veh\u00edculos en el lugar. El segundo veh\u00edculo se estacionar\u00e1 en el lugar de estacionamiento abierto por orden de llegada. Los apartamentos de un dormitorio pueden estacionar hasta un veh\u00edculo en el lugar.\u00a0 Los veh\u00edculos adicionales deben estacionarse fuera del sitio. El estacionamiento en La Cascada est\u00e1 reservado solo para residentes. No hay aparcamiento para hu\u00e9spedes.<\/p>\n<\/div>\n<\/div>\n<\/div>\n<div class=\"row\">\n<div class=\"col-md-6 col-xs-12 col-sm-12\">\n<p class=\"\" style=\"font-size: 16px; font-family: Adamina;\" data-font-family=\"Adamina\">Formulario de inspecci\u00f3n de mudanza<\/p>\n<\/div>\n<div class=\"col-md-6 col-sm-12 col-xs-12\">\n<div class=\"\">\n<p class=\"\" style=\"font-size: 16px; font-family: Adamina;\" data-font-family=\"Adamina\">A continuaci\u00f3n se muestra nuestro formulario de inspecci\u00f3n de mudanza. La intenci\u00f3n de esta forma es doble. En primer lugar, este formulario est\u00e1 destinado a mejorar nuestras pr\u00e1cticas de rotaci\u00f3n de unidades. Tambi\u00e9n conmemora su impresi\u00f3n de la unidad en el momento de la mudanza y nos brinda la oportunidad de mejorar. Si hay art\u00edculos que necesitan atenci\u00f3n, complete el formulario de solicitud de mantenimiento.<\/p>\n<\/div>\n<\/div>\n<\/div>\n<div class=\"row\">\n<div class=\"col-md-6 col-xs-12 col-sm-12\">\n<p class=\"\" style=\"font-size: 16px; font-family: Adamina;\" data-font-family=\"Adamina\"><div class=\"wpforms-container wpforms-container-full\" id=\"wpforms-24202\"><form method=\"post\" enctype=\"multipart\/form-data\" id=\"wpforms-form-24202\" action=\"\/wp-json\/wp\/v2\/pages\/25037\" class=\"wpforms-validate wpforms-form\" data-formid=\"24202\" data-trp-original-action=\"\/es\/wp-json\/wp\/v2\/pages\/25037#wpforms-24202\"><div class=\"wpforms-field-container\"><div id=\"wpforms-24202-field_1-container\" class=\"wpforms-field wpforms-field-name\" data-field-id=\"1\"><label class=\"wpforms-field-label\" for=\"wpforms-24202-field_1\">Name <span class=\"wpforms-required-label\">*<\/span><\/label><div class=\"wpforms-field-row wpforms-field-medium\"><div class=\"wpforms-field-row-block wpforms-first wpforms-one-half\"><input type=\"text\" id=\"wpforms-24202-field_1\" class=\"wpforms-field-name-first wpforms-field-required\" name=\"wpforms[fields][1][first]\" required><label for=\"wpforms-24202-field_1\" class=\"wpforms-field-sublabel after\">First<\/label><\/div><div class=\"wpforms-field-row-block wpforms-one-half\"><input type=\"text\" id=\"wpforms-24202-field_1-last\" class=\"wpforms-field-name-last wpforms-field-required\" name=\"wpforms[fields][1][last]\" required><label for=\"wpforms-24202-field_1-last\" class=\"wpforms-field-sublabel after\">Last<\/label><\/div><\/div><\/div><div id=\"wpforms-24202-field_3-container\" class=\"wpforms-field wpforms-field-email\" data-field-id=\"3\"><label class=\"wpforms-field-label\" for=\"wpforms-24202-field_3\">Email <span class=\"wpforms-required-label\">*<\/span><\/label><div class=\"wpforms-field-row wpforms-field-medium\"><div class=\"wpforms-field-row-block wpforms-one-half wpforms-first\"><input type=\"email\" id=\"wpforms-24202-field_3\" class=\"wpforms-field-required wpforms-field-email-primary\" name=\"wpforms[fields][3][primary]\" required><label for=\"wpforms-24202-field_3\" class=\"wpforms-field-sublabel after\">Email<\/label><\/div><div class=\"wpforms-field-row-block wpforms-one-half\"><input type=\"email\" id=\"wpforms-24202-field_3-secondary\" class=\"wpforms-field-email-secondary wpforms-field-required\" data-rule-confirm=\"#wpforms-24202-field_3\" name=\"wpforms[fields][3][secondary]\" required><label for=\"wpforms-24202-field_3-secondary\" class=\"wpforms-field-sublabel after\">Confirm Email<\/label><\/div><\/div><\/div><div id=\"wpforms-24202-field_6-container\" class=\"wpforms-field wpforms-field-phone\" data-field-id=\"6\"><label class=\"wpforms-field-label\" for=\"wpforms-24202-field_6\">Phone <span class=\"wpforms-required-label\">*<\/span><\/label><input type=\"text\" id=\"wpforms-24202-field_6\" class=\"wpforms-field-medium wpforms-field-required wpforms-masked-input\" data-inputmask=\"&#039;mask&#039;: &#039;(999) 999-9999&#039;\" name=\"wpforms[fields][6]\" required><\/div><div id=\"wpforms-24202-field_4-container\" class=\"wpforms-field wpforms-field-date-time\" data-field-id=\"4\"><label class=\"wpforms-field-label\" for=\"wpforms-24202-field_4\">Date \/ Time <span class=\"wpforms-required-label\">*<\/span><\/label><div class=\"wpforms-field-row wpforms-field-medium wpforms-field-required\"><div class=\"wpforms-field-row-block wpforms-one-half wpforms-first\"><input type=\"text\" name=\"wpforms[fields][4][date]\" id=\"wpforms-24202-field_4\" class=\"wpforms-field-date-time-date wpforms-datepicker wpforms-field-required\" placeholder=\"\" data-date-format=\"m\/d\/Y\"  required><label for=\"wpforms-24202-field_4\" class=\"wpforms-field-sublabel\">Date<\/label><\/div><div class=\"wpforms-field-row-block wpforms-one-half\"><input type=\"text\" name=\"wpforms[fields][4][time]\" id=\"wpforms-24202-field_4-time\" class=\"wpforms-field-date-time-time wpforms-timepicker wpforms-field-required wpforms-field-date-time-time wpforms-timepicker\" placeholder=\"\" data-rule-time12h=\"true\" data-time-format=\"g:i A\" data-step=\"30\"  required><label for=\"wpforms-24202-field_4\" class=\"wpforms-field-sublabel\">Time<\/label><\/div><\/div><\/div><div id=\"wpforms-24202-field_2-container\" class=\"wpforms-field wpforms-field-select\" data-field-id=\"2\"><label class=\"wpforms-field-label\" for=\"wpforms-24202-field_2\">Community <span class=\"wpforms-required-label\">*<\/span><\/label><select name=\"wpforms[fields][2]\" id=\"wpforms-24202-field_2\" class=\"wpforms-field-medium wpforms-field-required\"  required><option value=\"La Cascada Apartments\"  selected='selected'>La Cascada Apartments<\/option><\/select><\/div><div id=\"wpforms-24202-field_8-container\" class=\"wpforms-field wpforms-field-select wpforms-conditional-trigger\" data-field-id=\"8\"><label class=\"wpforms-field-label\" for=\"wpforms-24202-field_8\">Kitchen<\/label><select name=\"wpforms[fields][8]\" id=\"wpforms-24202-field_8\" class=\"wpforms-field-medium\"  ><option value=\"Please Select\"  selected='selected'>Please Select<\/option><option value=\"Good\" >Good<\/option><option value=\"Acceptable\" >Acceptable<\/option><option value=\"Poor\" >Poor<\/option><\/select><\/div><div id=\"wpforms-24202-field_9-container\" class=\"wpforms-field wpforms-field-textarea wpforms-conditional-field wpforms-conditional-show\" data-field-id=\"9\"><label class=\"wpforms-field-label\" for=\"wpforms-24202-field_9\">Kitchen<\/label><textarea id=\"wpforms-24202-field_9\" class=\"wpforms-field-medium\" name=\"wpforms[fields][9]\" ><\/textarea><div class=\"wpforms-field-description\">Please provide some clarity on why you gave the kitchen a poor rating.<\/div><\/div><div id=\"wpforms-24202-field_10-container\" class=\"wpforms-field wpforms-field-select wpforms-conditional-trigger\" data-field-id=\"10\"><label class=\"wpforms-field-label\" for=\"wpforms-24202-field_10\">Bathroom<\/label><select name=\"wpforms[fields][10]\" id=\"wpforms-24202-field_10\" class=\"wpforms-field-medium\"  ><option value=\"Please Select\"  selected='selected'>Please Select<\/option><option value=\"Good\" >Good<\/option><option value=\"Acceptable\" >Acceptable<\/option><option value=\"Poor\" >Poor<\/option><\/select><\/div><div id=\"wpforms-24202-field_11-container\" class=\"wpforms-field wpforms-field-textarea wpforms-conditional-field wpforms-conditional-show\" data-field-id=\"11\"><label class=\"wpforms-field-label\" for=\"wpforms-24202-field_11\">Bathroom<\/label><textarea id=\"wpforms-24202-field_11\" class=\"wpforms-field-medium\" name=\"wpforms[fields][11]\" ><\/textarea><\/div><div id=\"wpforms-24202-field_12-container\" class=\"wpforms-field wpforms-field-select wpforms-conditional-trigger\" data-field-id=\"12\"><label class=\"wpforms-field-label\" for=\"wpforms-24202-field_12\">Bedroom<\/label><select name=\"wpforms[fields][12]\" id=\"wpforms-24202-field_12\" class=\"wpforms-field-medium\"  ><option value=\"Please Select\"  selected='selected'>Please Select<\/option><option value=\"Good\" >Good<\/option><option value=\"Acceptable\" >Acceptable<\/option><option value=\"Poor\" >Poor<\/option><\/select><\/div><div id=\"wpforms-24202-field_13-container\" class=\"wpforms-field wpforms-field-textarea wpforms-conditional-field wpforms-conditional-show\" data-field-id=\"13\"><label class=\"wpforms-field-label\" for=\"wpforms-24202-field_13\">Bedroom<\/label><textarea id=\"wpforms-24202-field_13\" class=\"wpforms-field-medium\" name=\"wpforms[fields][13]\" ><\/textarea><\/div><div id=\"wpforms-24202-field_14-container\" class=\"wpforms-field wpforms-field-select wpforms-conditional-trigger\" data-field-id=\"14\"><label class=\"wpforms-field-label\" for=\"wpforms-24202-field_14\">Overall Move-In Experience<\/label><select name=\"wpforms[fields][14]\" id=\"wpforms-24202-field_14\" class=\"wpforms-field-medium\"  ><option value=\"Please Select\"  selected='selected'>Please Select<\/option><option value=\"Good\" >Good<\/option><option value=\"Acceptable\" >Acceptable<\/option><option value=\"Poor\" >Poor<\/option><\/select><\/div><div id=\"wpforms-24202-field_15-container\" class=\"wpforms-field wpforms-field-textarea wpforms-conditional-field wpforms-conditional-show\" data-field-id=\"15\"><label class=\"wpforms-field-label\" for=\"wpforms-24202-field_15\">Overall Move-In Experience<\/label><textarea id=\"wpforms-24202-field_15\" class=\"wpforms-field-medium\" name=\"wpforms[fields][15]\" ><\/textarea><\/div><\/div><div class=\"wpforms-field wpforms-field-hp\" id=\"wpform-field-hp\"><label for=\"wpforms-field_hp\" class=\"wpforms-field-label\">Website<\/label><input type=\"text\" name=\"wpforms[hp]\" id=\"wpforms-field_hp\" class=\"wpforms-field-medium\"><\/div><div class=\"wpforms-submit-container\" ><input type=\"hidden\" name=\"wpforms[id]\" value=\"24202\"><input type=\"hidden\" name=\"wpforms[author]\" value=\"1\"><button type=\"submit\" name=\"wpforms[submit]\" class=\"wpforms-submit\" id=\"wpforms-submit-24202\" value=\"wpforms-submit\" data-alt-text=\"Sending...\">Submit<\/button><\/div><input type=\"hidden\" name=\"trp-form-language\" value=\"es\"\/><\/form><\/div><\/p>\n<\/div>\n<div class=\"col-md-6 col-sm-12 col-xs-12\">\n<div class=\"\">\n<p class=\"\" style=\"font-size: 16px; font-family: Adamina;\" data-font-family=\"Adamina\">\n<\/div>\n<\/div>\n<\/div>\n<\/div>\n<\/div>","protected":false},"excerpt":{"rendered":"<p>We know moving can be stressful. We have created this page to make your transition as smooth as possible. Utilities We provide water, sewer, and trash. Electricity is provide through the City of Mesa. The city of Mesa often charges a security deposit to establish new service. Be sure to bring your lease with you [&hellip;]<\/p>","protected":false},"author":1,"featured_media":0,"parent":0,"menu_order":0,"comment_status":"closed","ping_status":"closed","template":"","meta":{"footnotes":""},"class_list":["post-25037","page","type-page","status-publish"],"aioseo_notices":[],"_links":{"self":[{"href":"https:\/\/arizonaapartmentservices.com\/es\/wp-json\/wp\/v2\/pages\/25037","targetHints":{"allow":["GET"]}}],"collection":[{"href":"https:\/\/arizonaapartmentservices.com\/es\/wp-json\/wp\/v2\/pages"}],"about":[{"href":"https:\/\/arizonaapartmentservices.com\/es\/wp-json\/wp\/v2\/types\/page"}],"author":[{"embeddable":true,"href":"https:\/\/arizonaapartmentservices.com\/es\/wp-json\/wp\/v2\/users\/1"}],"replies":[{"embeddable":true,"href":"https:\/\/arizonaapartmentservices.com\/es\/wp-json\/wp\/v2\/comments?post=25037"}],"version-history":[{"count":8,"href":"https:\/\/arizonaapartmentservices.com\/es\/wp-json\/wp\/v2\/pages\/25037\/revisions"}],"predecessor-version":[{"id":47591,"href":"https:\/\/arizonaapartmentservices.com\/es\/wp-json\/wp\/v2\/pages\/25037\/revisions\/47591"}],"wp:attachment":[{"href":"https:\/\/arizonaapartmentservices.com\/es\/wp-json\/wp\/v2\/media?parent=25037"}],"curies":[{"name":"wp","href":"https:\/\/api.w.org\/{rel}","templated":true}]}}